{"id":269,"date":"2024-07-31T06:43:20","date_gmt":"2024-07-31T06:43:20","guid":{"rendered":"https:\/\/www.jcemvn.com\/wp\/?page_id=269"},"modified":"2024-09-24T08:04:37","modified_gmt":"2024-09-24T08:04:37","slug":"privacy","status":"publish","type":"page","link":"https:\/\/www.jcemvn.com\/vi\/privacy\/","title":{"rendered":"Ch\u00ednh s\u00e1ch b\u1ea3o m\u1eadt"},"content":{"rendered":"<div class=\"inner clearfix\">\n<div class=\"privacy_padding\">\n<div class=\"box_privacy\">\n<p>C\u00f4ng ty ch\u00fang t\u00f4i coi vi\u1ec7c b\u1ea3o v\u1ec7 th\u00f4ng tin c\u00e1 nh\u00e2n do kh\u00e1ch h\u00e0ng g\u1eedi tr\u00ean trang web n\u00e0y l\u00e0 ngh\u0129a v\u1ee5 quan tr\u1ecdng.<\/p>\n<p>Ch\u00fang t\u00f4i x\u1eed l\u00fd th\u00f4ng tin c\u00e1 nh\u00e2n c\u1ee7a b\u1ea1n theo c\u00e1c nguy\u00ean t\u1eafc sau.<\/p>\n<\/div>\n<div class=\"privacy_param\">\n<div class=\"privacy_ttl\">\n<p>1. Tu\u00e2n th\u1ee7:<\/p>\n<\/div>\n<div class=\"privacy_desc\">\n<ul class=\"list03\">\n<li>V\u1ec1 vi\u1ec7c x\u1eed l\u00fd th\u00f4ng tin c\u00e1 nh\u00e2n c\u1ee7a kh\u00e1ch h\u00e0ng, ch\u00fang t\u00f4i tu\u00e2n th\u1ee7 lu\u1eadt ph\u00e1p v\u00e0 quy \u0111\u1ecbnh hi\u1ec7n h\u00e0nh, h\u01b0\u1edbng d\u1eabn \u0111\u1ea7y \u0111\u1ee7 cho nh\u00e2n vi\u00ean v\u00e0 nh\u00e0 th\u1ea7u ph\u1ee5, \u0111\u1ed3ng th\u1eddi h\u01b0\u1edbng \u0111\u1ebfn m\u1ee5c ti\u00eau ph\u00e1t tri\u1ec3n li\u00ean t\u1ee5c.<\/li>\n<li>Ch\u00fang t\u00f4i ph\u1ea3i th\u1ef1c hi\u1ec7n c\u00e1c bi\u1ec7n ph\u00e1p ph\u00f2ng ng\u1eeba \u0111\u1ea7y \u0111\u1ee7 \u0111\u1ec3 tr\u00e1nh r\u00f2 r\u1ec9, m\u1ea5t m\u00e1t ho\u1eb7c l\u00e0m sai l\u1ec7ch th\u00f4ng tin kh\u00e1ch h\u00e0ng, c\u0169ng nh\u01b0 c\u00e1c quy tr\u00ecnh qu\u1ea3n l\u00fd an to\u00e0n kh\u00e1c.<\/li>\n<li>Khi ch\u00fang t\u00f4i nh\u1eadn \u0111\u01b0\u1ee3c y\u00eau c\u1ea7u t\u1eeb kh\u00e1ch h\u00e0ng v\u1ec1 vi\u1ec7c ti\u1ebft l\u1ed9, c\u1eadp nh\u1eadt, x\u00f3a, ng\u1eebng s\u1eed d\u1ee5ng ho\u1eb7c x\u00f3a th\u00f4ng tin kh\u00e1ch h\u00e0ng m\u00e0 ch\u00fang t\u00f4i n\u1eafm gi\u1eef, ch\u00fang t\u00f4i s\u1ebd ph\u1ea3n h\u1ed3i m\u1ed9t c\u00e1ch thi\u1ec7n ch\u00ed.<br \/>\n(Ph\u1ea3n h\u1ed3i: vui l\u00f2ng li\u00ean h\u1ec7 v\u1edbi \u0111\u1ea1i di\u1ec7n b\u00e1n h\u00e0ng c\u1ee7a b\u1ea1n ho\u1eb7c info@jcemvn.com).<\/li>\n<\/ul>\n<\/div>\n<\/div>\n<div class=\"privacy_param\">\n<div class=\"privacy_ttl\">\n<p>2. M\u1ee5c \u0111\u00edch thu th\u1eadp v\u00e0 s\u1eed d\u1ee5ng th\u00f4ng tin c\u00e1 nh\u00e2n:<\/p>\n<\/div>\n<div class=\"privacy_desc\">\n<ul class=\"list03\">\n<li>Ch\u00fang t\u00f4i s\u1eed d\u1ee5ng d\u1eef li\u1ec7u b\u1ea1n cung c\u1ea5p \u0111\u1ec3 g\u1eedi b\u1ea3n tin qua email, g\u1eedi t\u00e0i li\u1ec7u, y\u00eau c\u1ea7u b\u00e1o gi\u00e1 v\u00e0 ph\u1ea3n h\u1ed3i c\u00e1c y\u00eau c\u1ea7u kh\u00e1c v\u1ec1 c\u00f4ng ty, h\u00e0ng h\u00f3a, c\u00f4ng ngh\u1ec7 v\u00e0 d\u1ecbch v\u1ee5 c\u1ee7a ch\u00fang t\u00f4i.<\/li>\n<li>Th\u00f4ng tin c\u1ee7a b\u1ea1n s\u1ebd \u0111\u01b0\u1ee3c s\u1eed d\u1ee5ng \u0111\u1ec3 c\u1ea3i thi\u1ec7n ho\u1ea1t \u0111\u1ed9ng kinh doanh, s\u1ea3n ph\u1ea9m, c\u00f4ng ngh\u1ec7 v\u00e0 d\u1ecbch v\u1ee5 c\u1ee7a ch\u00fang t\u00f4i.<\/li>\n<li>Ch\u00fang t\u00f4i s\u1ebd ti\u1ebft l\u1ed9 r\u00f5 \u200b\u200br\u00e0ng n\u1ebfu ch\u00fang t\u00f4i c\u1ea7n thu th\u1eadp ho\u1eb7c s\u1eed d\u1ee5ng th\u00f4ng tin c\u00e1 nh\u00e2n cho c\u00e1c m\u1ee5c \u0111\u00edch kh\u00e1c ngo\u00e0i nh\u1eefng m\u1ee5c \u0111\u00edch \u0111\u01b0\u1ee3c li\u1ec7t k\u00ea \u1edf tr\u00ean.<\/li>\n<\/ul>\n<\/div>\n<\/div>\n<div class=\"privacy_param\">\n<div class=\"privacy_ttl\">\n<p>3. C\u00e1c h\u1ea1n ch\u1ebf cung c\u1ea5p th\u00f4ng tin c\u1ee7a b\u00ean th\u1ee9 ba:<\/p>\n<\/div>\n<div class=\"privacy_desc\">\n<ul class=\"list03\">\n<li>C\u00f4ng ty ch\u00fang t\u00f4i s\u1ebd kh\u00f4ng chuy\u1ec3n giao ho\u1eb7c cung c\u1ea5p th\u00f4ng tin c\u00e1 nh\u00e2n m\u00e0 b\u1ea1n cung c\u1ea5p cho b\u00ean th\u1ee9 ba, ngo\u1ea1i tr\u1eeb c\u00e1c tr\u01b0\u1eddng h\u1ee3p sau.<\/li>\n<li>Khi c\u00f3 \u0111\u01b0\u1ee3c s\u1ef1 cho ph\u00e9p c\u1ee7a kh\u00e1ch h\u00e0ng<\/li>\n<li>Khi c\u00f3 y\u00eau c\u1ea7u theo th\u1ee7 t\u1ee5c ph\u00e1p l\u00fd<\/li>\n<li>Khi gia c\u00f4ng c\u00f4ng vi\u1ec7c cho m\u1ed9t nh\u00e0 th\u1ea7u ph\u1ee5, v.v. m\u00e0 \u0111\u00e3 k\u00fd k\u1ebft th\u1ecfa thu\u1eadn b\u1ea3o m\u1eadt<\/li>\n<\/ul>\n<\/div>\n<\/div>\n<div class=\"privacy_btn\">\n<p class=\"btn\"><a href=\"https:\/\/www.jcemvn.com\">Trang ch\u1ee7<\/a><\/p>\n<\/div>\n<\/div>\n<\/div>\n","protected":false},"excerpt":{"rendered":"<p>C\u00f4ng ty ch\u00fang t\u00f4i coi vi\u1ec7c b\u1ea3o v\u1ec7 th\u00f4ng tin c\u00e1 nh\u00e2n do kh\u00e1ch h\u00e0ng g\u1eedi tr\u00ean trang web n\u00e0y l\u00e0 ngh\u0129a v\u1ee5 quan tr\u1ecdng. Ch\u00fang t\u00f4i x\u1eed l\u00fd th\u00f4ng tin c\u00e1 nh\u00e2n c\u1ee7a b\u1ea1n theo c\u00e1c nguy\u00ean t\u1eafc sau. 1. Tu\u00e2n th\u1ee7: V\u1ec1 vi\u1ec7c x\u1eed l\u00fd th\u00f4ng tin c\u00e1 nh\u00e2n c\u1ee7a kh\u00e1ch h\u00e0ng, ch\u00fang [&hellip;]<\/p>\n","protected":false},"author":1,"featured_media":0,"parent":0,"menu_order":0,"comment_status":"closed","ping_status":"closed","template":"","meta":{"_acf_changed":false,"_locale":"vi","_original_post":"https:\/\/www.jcemvn.com\/wp\/?page_id=22","footnotes":""},"class_list":["post-269","page","type-page","status-publish","hentry","vi"],"acf":[],"aioseo_notices":[],"_links":{"self":[{"href":"https:\/\/www.jcemvn.com\/wp-json\/wp\/v2\/pages\/269","targetHints":{"allow":["GET"]}}],"collection":[{"href":"https:\/\/www.jcemvn.com\/wp-json\/wp\/v2\/pages"}],"about":[{"href":"https:\/\/www.jcemvn.com\/wp-json\/wp\/v2\/types\/page"}],"author":[{"embeddable":true,"href":"https:\/\/www.jcemvn.com\/wp-json\/wp\/v2\/users\/1"}],"replies":[{"embeddable":true,"href":"https:\/\/www.jcemvn.com\/wp-json\/wp\/v2\/comments?post=269"}],"version-history":[{"count":6,"href":"https:\/\/www.jcemvn.com\/wp-json\/wp\/v2\/pages\/269\/revisions"}],"predecessor-version":[{"id":527,"href":"https:\/\/www.jcemvn.com\/wp-json\/wp\/v2\/pages\/269\/revisions\/527"}],"wp:attachment":[{"href":"https:\/\/www.jcemvn.com\/wp-json\/wp\/v2\/media?parent=269"}],"curies":[{"name":"wp","href":"https:\/\/api.w.org\/{rel}","templated":true}]}}