{"id":254,"date":"2024-07-31T04:36:15","date_gmt":"2024-07-31T04:36:15","guid":{"rendered":"https:\/\/www.jcemvn.com\/wp\/?page_id=254"},"modified":"2024-09-24T08:02:34","modified_gmt":"2024-09-24T08:02:34","slug":"contact","status":"publish","type":"page","link":"https:\/\/www.jcemvn.com\/vi\/contact\/","title":{"rendered":"Li\u00ean h\u1ec7"},"content":{"rendered":"<div class=\"inner\">\n<div class=\"contact_box\">\n<div class=\"contact_padding\">\n<p class=\"center\" style=\"text-align: center;\">Vui l\u00f2ng \u0111i\u1ec1n v\u00e0o m\u1eabu sau, nh\u1ea5n n\u00fat \u201cX\u00e1c nh\u1eadn n\u1ed9i dung nh\u1eadp\u201d \u0111\u1ec3 x\u00e1c nh\u1eadn n\u1ed9i dung v\u00e0 g\u1eedi \u0111i.<br \/>\nT\u00f9y thu\u1ed9c v\u00e0o n\u1ed9i dung y\u00eau c\u1ea7u c\u1ee7a b\u1ea1n, c\u00f3 th\u1ec3 m\u1ea5t m\u1ed9t th\u1eddi gian.<\/p>\n<div class=\"contact_form\">\n<div class=\"wpcf7 no-js\" id=\"wpcf7-f258-o1\" lang=\"en-US\" dir=\"ltr\" data-wpcf7-id=\"258\">\n<div class=\"screen-reader-response\"><p role=\"status\" aria-live=\"polite\" aria-atomic=\"true\"><\/p> <ul><\/ul><\/div>\n<form action=\"\/vi\/wp-json\/wp\/v2\/pages\/254#wpcf7-f258-o1\" method=\"post\" class=\"wpcf7-form init\" aria-label=\"Contact form\" novalidate=\"novalidate\" data-status=\"init\">\n<div style=\"display: none;\">\n<input type=\"hidden\" name=\"_wpcf7\" value=\"258\" \/>\n<input type=\"hidden\" name=\"_wpcf7_version\" value=\"6.0\" \/>\n<input type=\"hidden\" name=\"_wpcf7_locale\" value=\"en_US\" \/>\n<input type=\"hidden\" name=\"_wpcf7_unit_tag\" value=\"wpcf7-f258-o1\" \/>\n<input type=\"hidden\" name=\"_wpcf7_container_post\" value=\"0\" \/>\n<input type=\"hidden\" name=\"_wpcf7_posted_data_hash\" value=\"\" \/>\n<input type=\"hidden\" name=\"_wpcf7_recaptcha_response\" value=\"\" \/>\n<\/div>\n<table class=\"tb_block\">\n\t<tr>\n\t\t<th>\n\t\t\t<p><span class=\"must\">*<\/span>H\u1ecd v\u00e0 t\u00ean\n\t\t\t<\/p>\n\t\t<\/th>\n\t\t<td>\n\t\t\t<p><span class=\"wpcf7-form-control-wrap\" data-name=\"your-name-vi\"><input size=\"40\" maxlength=\"400\" class=\"wpcf7-form-control wpcf7-text wpcf7-validates-as-required ur_content\" aria-required=\"true\" aria-invalid=\"false\" value=\"\" type=\"text\" name=\"your-name-vi\" \/><\/span>\n\t\t\t<\/p>\n\t\t<\/td>\n\t<\/tr>\n\t<tr>\n\t\t<th>\n\t\t\t<p><span class=\"must\">*<\/span>C\u00f4ng ty\n\t\t\t<\/p>\n\t\t<\/th>\n\t\t<td>\n\t\t\t<p><span class=\"wpcf7-form-control-wrap\" data-name=\"your-company-vi\"><input size=\"40\" maxlength=\"400\" class=\"wpcf7-form-control wpcf7-text wpcf7-validates-as-required ur_content\" aria-required=\"true\" aria-invalid=\"false\" value=\"\" type=\"text\" name=\"your-company-vi\" \/><\/span>\n\t\t\t<\/p>\n\t\t<\/td>\n\t<\/tr>\n\t<tr>\n\t\t<th>\n\t\t\t<p>S\u1ed1 \u0111i\u1ec7n tho\u1ea1i\n\t\t\t<\/p>\n\t\t<\/th>\n\t\t<td>\n\t\t\t<p><span class=\"wpcf7-form-control-wrap\" data-name=\"your-tel-vi\"><input size=\"40\" maxlength=\"400\" class=\"wpcf7-form-control wpcf7-tel wpcf7-text wpcf7-validates-as-tel ur_content\" aria-invalid=\"false\" value=\"\" type=\"tel\" name=\"your-tel-vi\" \/><\/span>\n\t\t\t<\/p>\n\t\t<\/td>\n\t<\/tr>\n\t<tr>\n\t\t<th>\n\t\t\t<p><span class=\"must\">*<\/span>Email\n\t\t\t<\/p>\n\t\t<\/th>\n\t\t<td>\n\t\t\t<p><span class=\"wpcf7-form-control-wrap\" data-name=\"your-email-vi\"><input size=\"40\" maxlength=\"400\" class=\"wpcf7-form-control wpcf7-email wpcf7-validates-as-required wpcf7-text wpcf7-validates-as-email ur_content\" aria-required=\"true\" aria-invalid=\"false\" value=\"\" type=\"email\" name=\"your-email-vi\" \/><\/span>\n\t\t\t<\/p>\n\t\t<\/td>\n\t<\/tr>\n\t<tr>\n\t\t<th>\n\t\t\t<p><span class=\"must\">*<\/span>Y\u00eau c\u1ea7u\n\t\t\t<\/p>\n\t\t<\/th>\n\t\t<td>\n\t\t\t<p><span class=\"wpcf7-form-control-wrap\" data-name=\"your-inquiry-vi\"><textarea cols=\"40\" rows=\"10\" maxlength=\"2000\" class=\"wpcf7-form-control wpcf7-textarea wpcf7-validates-as-required ur_content02\" aria-required=\"true\" aria-invalid=\"false\" name=\"your-inquiry-vi\"><\/textarea><\/span>\n\t\t\t<\/p>\n\t\t<\/td>\n\t<\/tr>\n\t<tr>\n\t\t<th>\n\t\t<\/th>\n\t\t<td class=\"box_policy\">\n\t\t\t<p><span class=\"wpcf7-form-control-wrap\" data-name=\"your-check01-vi\"><span class=\"wpcf7-form-control wpcf7-checkbox wpcf7-validates-as-required use_label_element\"><span class=\"wpcf7-list-item first last\"><input type=\"checkbox\" name=\"your-check01-vi[]\" value=\"T\u00f4i \u0111\u00e3 \u0111\u1ecdc v\u00e0 ch\u1eadp nh\u1eadn\" \/><span class=\"wpcf7-list-item-label\">T\u00f4i \u0111\u00e3 \u0111\u1ecdc v\u00e0 ch\u1eadp nh\u1eadn<\/span><\/span><\/span><\/span><a target=\"_blank\" href=\"..\/privacy\/\">ch\u00ednh s\u00e1ch b\u1ea3o m\u1eadt<\/a>\n\t\t\t<\/p>\n\t\t\t<p><span class=\"wpcf7-form-control-wrap\" data-name=\"you-check02-vi\"><span class=\"wpcf7-form-control wpcf7-checkbox wpcf7-validates-as-required\"><span class=\"wpcf7-list-item first last\"><label><input type=\"checkbox\" name=\"you-check02-vi[]\" value=\"Khi b\u1ea1n nh\u1ea5n n\u00fat g\u1eedi, th\u00f4ng tin s\u1ebd \u0111\u01b0\u1ee3c g\u1eedi \u0111i m\u00e0 kh\u00f4ng chuy\u1ec3n \u0111\u1ebfn m\u00e0n h\u00ecnh x\u00e1c nh\u1eadn.Vui l\u00f2ng ki\u1ec3m tra l\u1ea1i th\u00f4ng tin b\u1ea1n \u0111\u00e3 nh\u1eadp.\" \/><span class=\"wpcf7-list-item-label\">Khi b\u1ea1n nh\u1ea5n n\u00fat g\u1eedi, th\u00f4ng tin s\u1ebd \u0111\u01b0\u1ee3c g\u1eedi \u0111i m\u00e0 kh\u00f4ng chuy\u1ec3n \u0111\u1ebfn m\u00e0n h\u00ecnh x\u00e1c nh\u1eadn.Vui l\u00f2ng ki\u1ec3m tra l\u1ea1i th\u00f4ng tin b\u1ea1n \u0111\u00e3 nh\u1eadp.<\/span><\/label><\/span><\/span><\/span>\n\t\t\t<\/p>\n\t\t<\/td>\n\t<\/tr>\n<\/table>\n<div class=\"btn_send\">\n\t<p><input class=\"wpcf7-form-control wpcf7-submit has-spinner\" type=\"submit\" value=\"G\u1eedi\" \/>\n\t<\/p>\n<\/div><p style=\"display: none !important;\" class=\"akismet-fields-container\" data-prefix=\"_wpcf7_ak_\"><label>&#916;<textarea name=\"_wpcf7_ak_hp_textarea\" cols=\"45\" rows=\"8\" maxlength=\"100\"><\/textarea><\/label><input type=\"hidden\" id=\"ak_js_1\" name=\"_wpcf7_ak_js\" value=\"45\"\/><script>document.getElementById( \"ak_js_1\" ).setAttribute( \"value\", ( new Date() ).getTime() );<\/script><\/p><div class=\"wpcf7-response-output\" aria-hidden=\"true\"><\/div>\n<\/form>\n<\/div>\n<\/div>\n<\/div>\n<\/div>\n<\/div>\n","protected":false},"excerpt":{"rendered":"<p>Vui l\u00f2ng \u0111i\u1ec1n v\u00e0o m\u1eabu sau, nh\u1ea5n n\u00fat \u201cX\u00e1c nh\u1eadn n\u1ed9i dung nh\u1eadp\u201d \u0111\u1ec3 x\u00e1c nh\u1eadn n\u1ed9i dung v\u00e0 g\u1eedi \u0111i. T\u00f9y thu\u1ed9c v\u00e0o n\u1ed9i dung y\u00eau c\u1ea7u c\u1ee7a b\u1ea1n, c\u00f3 th\u1ec3 m\u1ea5t m\u1ed9t th\u1eddi gian.<\/p>\n","protected":false},"author":1,"featured_media":0,"parent":0,"menu_order":0,"comment_status":"closed","ping_status":"closed","template":"","meta":{"_acf_changed":false,"_locale":"vi","_original_post":"https:\/\/www.jcemvn.com\/wp\/?page_id=19","footnotes":""},"class_list":["post-254","page","type-page","status-publish","hentry","vi"],"acf":[],"aioseo_notices":[],"_links":{"self":[{"href":"https:\/\/www.jcemvn.com\/wp-json\/wp\/v2\/pages\/254","targetHints":{"allow":["GET"]}}],"collection":[{"href":"https:\/\/www.jcemvn.com\/wp-json\/wp\/v2\/pages"}],"about":[{"href":"https:\/\/www.jcemvn.com\/wp-json\/wp\/v2\/types\/page"}],"author":[{"embeddable":true,"href":"https:\/\/www.jcemvn.com\/wp-json\/wp\/v2\/users\/1"}],"replies":[{"embeddable":true,"href":"https:\/\/www.jcemvn.com\/wp-json\/wp\/v2\/comments?post=254"}],"version-history":[{"count":6,"href":"https:\/\/www.jcemvn.com\/wp-json\/wp\/v2\/pages\/254\/revisions"}],"predecessor-version":[{"id":435,"href":"https:\/\/www.jcemvn.com\/wp-json\/wp\/v2\/pages\/254\/revisions\/435"}],"wp:attachment":[{"href":"https:\/\/www.jcemvn.com\/wp-json\/wp\/v2\/media?parent=254"}],"curies":[{"name":"wp","href":"https:\/\/api.w.org\/{rel}","templated":true}]}}