{"id":103,"date":"2024-07-26T10:17:36","date_gmt":"2024-07-26T10:17:36","guid":{"rendered":"https:\/\/www.jcemvn.com\/wp\/?page_id=103"},"modified":"2026-04-24T01:42:00","modified_gmt":"2026-04-24T01:42:00","slug":"about-us","status":"publish","type":"page","link":"https:\/\/www.jcemvn.com\/vi\/about-us\/","title":{"rendered":"V\u1ec1 ch\u00fang t\u00f4i"},"content":{"rendered":"<div class=\"inner clearfix\">\n<div class=\"u_tablink\">\n<div class=\"tablink_list\">\n<div class=\"tablink_item active\" data-tab=\"tab01\">\n<h2>Th\u00f4ng \u0111i\u1ec7p<\/h2>\n<\/div>\n<div class=\"tablink_item\" data-tab=\"tab02\">\n<h2>T\u1ea7m nh\u00ecn<\/h2>\n<\/div>\n<div class=\"tablink_item\" data-tab=\"tab03\">\n<h2>Tri\u1ebft l\u00fd<\/h2>\n<\/div>\n<\/div>\n<div class=\"tablink_content\">\n<div id=\"tab01\" class=\"tablink_box\">\n<div class=\"ttl\">\n<h3>L\u1eddi ch\u00e0o<br \/>\nT\u1eeb T\u1ed5ng gi\u00e1m \u0111\u1ed1c<\/h3>\n<\/div>\n<div class=\"tablink_flex\">\n<div class=\"tablink_img01\">\n<p><img decoding=\"async\" src=\"https:\/\/www.jcemvn.com\/wp-content\/themes\/jcem\/images\/about_img01.jpg\" alt=\"L\u1eddi ch\u00e0o t\u1eeb T\u1ed5ng gi\u00e1m \u0111\u1ed1c\" width=\"550\" \/><\/p>\n<\/div>\n<div class=\"tablink_info02\">\n<div class=\"desc vi\">\n<p>Th\u00e0nh l\u1eadp n\u0103m 2012, JCEM Vi\u1ec7t Nam ch\u00fang t\u00f4i \u0111\u00e3 m\u1edf r\u1ed9ng ho\u1ea1t \u0111\u1ed9ng c\u1ee7a m\u00ecnh \u0111\u1ebfn th\u1ecb tr\u01b0\u1eddng Vi\u1ec7t Nam, n\u01a1i ch\u00fang t\u00f4i cam k\u1ebft mang \u0111\u1ebfn c\u00e1c gi\u1ea3i ph\u00e1p c\u00f4ng ngh\u1ec7 ti\u00ean ti\u1ebfn v\u00e0 d\u1ecbch v\u1ee5 ch\u1ea5t l\u01b0\u1ee3ng nh\u1ea5t. T\u1ef1 h\u00e0o v\u1edbi b\u1ec1 d\u00e0y kinh nghi\u1ec7m ti\u1ebfp thu t\u1eeb c\u00f4ng ty Japan Chemical Engineering &amp; Machinery, c\u00f3 l\u1ecbch s\u1eed h\u01a1n 85 n\u0103m ho\u1ea1t \u0111\u1ed9ng trong l\u0129nh v\u1ef1c EPC, thi\u1ebft k\u1ebf, ch\u1ebf t\u1ea1o, thi c\u00f4ng v\u00e0 l\u1eafp \u0111\u1eb7t m\u00e1y m\u00f3c, thi\u1ebft b\u1ecb h\u00f3a ch\u1ea5t.<br \/>\nChuy\u00ean s\u00e2u trong c\u00e1c l\u0129nh v\u1ef1c h\u00f3a ch\u1ea5t v\u00e0 ch\u01b0ng c\u1ea5t, ch\u00fang t\u00f4i kh\u00f4ng ng\u1eebng n\u1ed7 l\u1ef1c \u0111\u1ec3 \u0111\u00e1p \u1ee9ng v\u00e0 v\u01b0\u1ee3t qua m\u1ecdi y\u00eau c\u1ea7u t\u1eeb kh\u00e1ch h\u00e0ng. S\u1ef1 k\u1ebft h\u1ee3p gi\u1eefa kinh nghi\u1ec7m l\u00e2u n\u0103m v\u00e0 s\u1ef1 s\u00e1ng t\u1ea1o \u0111\u00e3 gi\u00fap ch\u00fang t\u00f4i th\u1ef1c hi\u1ec7n th\u00e0nh c\u00f4ng c\u00e1c d\u1ef1 \u00e1n mang l\u1ea1i gi\u00e1 tr\u1ecb th\u1ef1c cho c\u1ed9ng \u0111\u1ed3ng.<br \/>\nCh\u00fang t\u00f4i cam k\u1ebft ti\u1ebfp t\u1ee5c ph\u1ea5n \u0111\u1ea5u v\u1edbi tr\u00e1ch nhi\u1ec7m v\u00e0 chuy\u00ean nghi\u1ec7p, v\u1edbi m\u1ee5c ti\u00eau tr\u1edf th\u00e0nh \u0111\u1ed1i t\u00e1c \u0111\u00e1ng tin c\u1eady nh\u1ea5t c\u1ee7a qu\u00fd v\u1ecb. Xin ch\u00e2n th\u00e0nh c\u1ea3m \u01a1n s\u1ef1 \u1ee7ng h\u1ed9 v\u00e0 ni\u1ec1m tin c\u1ee7a qu\u00fd v\u1ecb, v\u00e0 hy v\u1ecdng \u0111\u01b0\u1ee3c h\u1ee3p t\u00e1c c\u00f9ng qu\u00fd v\u1ecb trong nh\u1eefng d\u1ef1 \u00e1n t\u01b0\u01a1ng lai.<\/p>\n<\/div>\n<div class=\"author\">\n<div class=\"name\">\n<p>TAKAYUKI BABA<\/p>\n<\/div>\n<div class=\"position\">\n<p>T\u1ed5ng gi\u00e1m \u0111\u1ed1c<\/p>\n<\/div>\n<\/div>\n<\/div>\n<\/div>\n<\/div>\n<div id=\"tab02\" class=\"tablink_box\">\n<div class=\"tablink_flex\">\n<div class=\"tablink_left\">\n<div class=\"ttl\">\n<h3>T\u1ea7m nh\u00ecn JCEM<\/h3>\n<\/div>\n<div class=\"desc vi\">\n<p>Tr\u1edf th\u00e0nh nh\u00e0 cung c\u1ea5p h\u00e0ng \u0111\u1ea7u v\u1ec1 c\u00e1c gi\u1ea3i ph\u00e1p k\u1ef9 thu\u1eadt t\u00edch h\u1ee3p b\u1ec1n v\u1eefng v\u00e0 s\u00e1ng t\u1ea1o. Ch\u00fang t\u00f4i h\u01b0\u1edbng \u0111\u1ebfn vi\u1ec7c x\u00e2y d\u1ef1ng m\u1ed9t t\u01b0\u01a1ng lai b\u1ec1n v\u1eefng v\u00e0 th\u1ecbnh v\u01b0\u1ee3ng, n\u01a1i c\u00e1c gi\u1ea3i ph\u00e1p c\u00f4ng ngh\u1ec7 ti\u00ean ti\u1ebfn v\u00e0 d\u1ecbch v\u1ee5 ch\u1ea5t l\u01b0\u1ee3ng cao g\u00f3p ph\u1ea7n t\u1ea1o ra gi\u00e1 tr\u1ecb \u00fd ngh\u0129a cho c\u1ed9ng \u0111\u1ed3ng v\u00e0 m\u00f4i tr\u01b0\u1eddng. V\u1edbi t\u01b0 duy s\u00e1ng t\u1ea1o v\u00e0 chuy\u00ean m\u00f4n s\u00e2u r\u1ed9ng, kh\u00f4ng ng\u1eebng c\u1ea3i thi\u1ec7n ch\u1ea5t l\u01b0\u1ee3ng s\u1ea3n ph\u1ea9m v\u00e0 d\u1ecbch v\u1ee5 \u0111\u1ec3 \u0111\u00e1p \u1ee9ng v\u00e0 v\u01b0\u1ee3t qua m\u1ecdi k\u1ef3 v\u1ecdng c\u1ee7a kh\u00e1ch h\u00e0ng.<\/p>\n<\/div>\n<div class=\"img\">\n<p><img decoding=\"async\" src=\"https:\/\/www.jcemvn.com\/wp-content\/themes\/jcem\/images\/about_img02.jpg\" alt=\"T\u1ea7m nh\u00ecn JCEM\" \/><\/p>\n<\/div>\n<\/div>\n<div class=\"tablink_right\">\n<div class=\"ttl02\">\n<p>Chuy\u00ean nghi\u1ec7p \u2013 Trung th\u1ef1c \u2013 T\u00f4n tr\u1ecdng<\/p>\n<\/div>\n<div class=\"desc vi\">\n<p>Gi\u00e1 tr\u1ecb c\u1ed1t l\u00f5i c\u1ee7a ch\u00fang t\u00f4i bao g\u1ed3m chuy\u00ean nghi\u1ec7p, trung th\u1ef1c v\u00e0 t\u00f4n tr\u1ecdng. Ch\u00fang t\u00f4i tin r\u1eb1ng x\u00e2y d\u1ef1ng m\u1ed1i quan h\u1ec7 h\u1ee3p t\u00e1c b\u1ec1n v\u1eefng d\u1ef1a tr\u00ean ni\u1ec1m tin v\u00e0 s\u1ef1 hi\u1ec3u bi\u1ebft l\u00e0 ch\u00eca kh\u00f3a \u0111\u1ec3 th\u00e0nh c\u00f4ng l\u00e2u d\u00e0i. <br class=\"pc\" \/>Ch\u00fang t\u00f4i lu\u00f4n \u01b0u ti\u00ean vi\u1ec7c l\u1eafng nghe v\u00e0 t\u00ecm hi\u1ec3u nhu c\u1ea7u c\u1ee7a kh\u00e1ch h\u00e0ng \u0111\u1ec3 cung c\u1ea5p c\u00e1c gi\u1ea3i ph\u00e1p t\u1ed1t nh\u1ea5t.<br \/>\nM\u1ee5c ti\u00eau c\u1ee7a ch\u00fang t\u00f4i l\u00e0 kh\u00f4ng ng\u1eebng \u0111\u1ed5i m\u1edbi v\u00e0 c\u1ea3i ti\u1ebfn \u0111\u1ec3 tr\u1edf th\u00e0nh \u0111\u1ed1i t\u00e1c \u0111\u00e1ng tin c\u1eady nh\u1ea5t trong l\u0129nh v\u1ef1c c\u1ee7a m\u00ecnh, \u0111\u1ed3ng th\u1eddi g\u00f3p ph\u1ea7n v\u00e0o s\u1ef1 ph\u00e1t tri\u1ec3n b\u1ec1n v\u1eefng c\u1ee7a c\u1ed9ng \u0111\u1ed3ng v\u00e0 x\u00e3 h\u1ed9i.<\/p>\n<\/div>\n<div class=\"img\">\n<p><img decoding=\"async\" src=\"https:\/\/www.jcemvn.com\/wp-content\/themes\/jcem\/images\/about_img03.jpg\" alt=\"T\u1ea7m nh\u00ecn JCEM\" \/><\/p>\n<\/div>\n<\/div>\n<\/div>\n<\/div>\n<div id=\"tab03\" class=\"tablink_box\">\n<div class=\"tablink_flex\">\n<div class=\"tablink_left\">\n<div class=\"ttl mb75\">\n<h3>Tri\u1ebft l\u00fd JCEM<\/h3>\n<\/div>\n<div class=\"desc vi\">\n<p>Tri\u1ebft l\u00fd kinh doanh c\u1ee7a ch\u00fang t\u00f4i xoay quanh 3 y\u1ebfu t\u1ed1 ch\u00ednh: &#8220;\u0110am m\u00ea, ch\u00e2n th\u00e0nh v\u00e0 ph\u1ee5c v\u1ee5 v\u1edbi l\u00f2ng bi\u1ebft \u01a1n&#8221;, &#8220;X\u00e2y d\u1ef1ng m\u1ed9t x\u00e3 h\u1ed9i n\u0103ng \u0111\u1ed9ng v\u00e0 h\u1ea5p d\u1eabn&#8221;, &#8220;Duy tr\u00ec v\u1ebb \u0111\u1eb9p c\u1ee7a tr\u00e1i \u0111\u1ea5t&#8221;.<\/p>\n<p><span class=\"bold\">&#8220;\u0110am m\u00ea, ch\u00e2n th\u00e0nh v\u00e0 ph\u1ee5c v\u1ee5 v\u1edbi l\u00f2ng bi\u1ebft \u01a1n&#8221;:<\/span> Ch\u00fang t\u00f4i tin r\u1eb1ng s\u1ef1 ch\u00e2n th\u00e0nh v\u00e0 l\u00f2ng bi\u1ebft \u01a1n l\u00e0 y\u1ebfu t\u1ed1 then ch\u1ed1t trong m\u1ed1i quan h\u1ec7 v\u1edbi kh\u00e1ch h\u00e0ng, \u0111\u1ed1i t\u00e1c v\u00e0 c\u1ed9ng \u0111\u1ed3ng. Ch\u00fang t\u00f4i cam k\u1ebft \u0111\u1eb7t l\u00f2ng bi\u1ebft \u01a1n l\u00ean h\u00e0ng \u0111\u1ea7u trong m\u1ecdi giao d\u1ecbch v\u00e0 t\u01b0\u01a1ng t\u00e1c. Ch\u00fang t\u00f4i lu\u00f4n tr\u00e2n tr\u1ecdng m\u1ed7i c\u01a1 h\u1ed9i \u0111\u01b0\u1ee3c ph\u1ee5c v\u1ee5 kh\u00e1ch h\u00e0ng v\u00e0 cam k\u1ebft mang \u0111\u1ebfn s\u1ef1 h\u00e0i l\u00f2ng t\u1ed1i \u0111a cho h\u1ecd. \u0110\u1ed3ng th\u1eddi, ch\u00fang t\u00f4i bi\u1ebft \u01a1n s\u1ef1 tin t\u01b0\u1edfng v\u00e0 \u1ee7ng h\u1ed9 c\u1ee7a kh\u00e1ch h\u00e0ng, \u0111\u1ed1i t\u00e1c v\u00e0 nh\u00e2n vi\u00ean, v\u00e0 s\u1eb5n s\u00e0ng th\u1ec3 hi\u1ec7n l\u00f2ng bi\u1ebft \u01a1n n\u00e0y th\u00f4ng qua c\u00e1c h\u00e0nh \u0111\u1ed9ng v\u00e0 ho\u1ea1t \u0111\u1ed9ng x\u00e3 h\u1ed9i t\u00edch c\u1ef1c. Ch\u00fang t\u00f4i hi\u1ec3u r\u1eb1ng ch\u1ec9 khi ph\u1ee5c v\u1ee5 v\u1edbi l\u00f2ng bi\u1ebft \u01a1n, ch\u00fang t\u00f4i m\u1edbi c\u00f3 th\u1ec3 x\u00e2y d\u1ef1ng m\u1ed1i quan h\u1ec7 l\u00e2u d\u00e0i v\u00e0 th\u00e0nh c\u00f4ng b\u1ec1n v\u1eefng.<\/p>\n<\/div>\n<\/div>\n<div class=\"tablink_right\">\n<div class=\"ttl02 mb30 vi\">\n<p>&#8211; \u0110am m\u00ea, ch\u00e2n th\u00e0nh v\u00e0 ph\u1ee5c v\u1ee5 v\u1edbi l\u00f2ng bi\u1ebft \u01a1n<br \/>\n&#8211; X\u00e2y d\u1ef1ng m\u1ed9t x\u00e3 h\u1ed9i n\u0103ng \u0111\u1ed9ng v\u00e0 h\u1ea5p d\u1eabn<br \/>\n&#8211; Duy tr\u00ec v\u1ebb \u0111\u1eb9p c\u1ee7a tr\u00e1i \u0111\u1ea5t<\/p>\n<\/div>\n<div class=\"img mb30\">\n<p><img decoding=\"async\" src=\"https:\/\/www.jcemvn.com\/wp-content\/themes\/jcem\/images\/about_img04.jpg\" alt=\"Tri\u1ebft l\u00fd JCEM\" \/><\/p>\n<\/div>\n<div class=\"desc vi\">\n<p><span class=\"bold\">&#8220;X\u00e2y d\u1ef1ng m\u1ed9t x\u00e3 h\u1ed9i n\u0103ng \u0111\u1ed9ng v\u00e0 h\u1ea5p d\u1eabn&#8221;: <\/span> Ch\u00fang t\u00f4i h\u01b0\u1edbng \u0111\u1ebfn vi\u1ec7c \u0111\u00f3ng g\u00f3p v\u00e0o s\u1ef1 ph\u00e1t tri\u1ec3n c\u1ee7a m\u1ed9t x\u00e3 h\u1ed9i n\u0103ng \u0111\u1ed9ng v\u00e0 h\u1ea5p d\u1eabn. Ch\u00fang t\u00f4i kh\u00f4ng ch\u1ec9 s\u1ea3n xu\u1ea5t c\u00e1c s\u1ea3n ph\u1ea9m v\u00e0 d\u1ecbch v\u1ee5 ch\u1ea5t l\u01b0\u1ee3ng cao, m\u00e0 c\u00f2n cam k\u1ebft h\u1ed7 tr\u1ee3 c\u00e1c ho\u1ea1t \u0111\u1ed9ng x\u00e3 h\u1ed9i, t\u1ea1o ra c\u01a1 h\u1ed9i cho s\u1ef1 ph\u00e1t tri\u1ec3n v\u00e0 ti\u1ebfn b\u1ed9 c\u1ee7a c\u1ed9ng \u0111\u1ed3ng. Ch\u00fang t\u00f4i tin r\u1eb1ng m\u1ed9t x\u00e3 h\u1ed9i m\u1ea1nh m\u1ebd v\u00e0 ph\u1ed3n th\u1ecbnh s\u1ebd t\u1ea1o ra m\u00f4i tr\u01b0\u1eddng thu\u1eadn l\u1ee3i cho m\u1ecdi ng\u01b0\u1eddi v\u00e0 doanh nghi\u1ec7p ph\u00e1t tri\u1ec3n c\u00f9ng nhau.<\/p>\n<p><span class=\"bold\">&#8220;Duy tr\u00ec v\u1ebb \u0111\u1eb9p c\u1ee7a tr\u00e1i \u0111\u1ea5t&#8221;:<\/span>Ch\u00fang t\u00f4i t\u00f4n tr\u1ecdng v\u00e0 \u0111\u1ec1 cao v\u1ebb \u0111\u1eb9p c\u1ee7a tr\u00e1i \u0111\u1ea5t. Ch\u00fang t\u00f4i cam k\u1ebft th\u1ef1c hi\u1ec7n c\u00e1c ho\u1ea1t \u0111\u1ed9ng kinh doanh m\u1ed9t c\u00e1ch b\u1ec1n v\u1eefng, b\u1ea3o v\u1ec7 m\u00f4i tr\u01b0\u1eddng v\u00e0 t\u00e0i nguy\u00ean t\u1ef1 nhi\u00ean. Ch\u00fang t\u00f4i \u0111\u1eb7t m\u00f4i tr\u01b0\u1eddng s\u1ed1ng l\u00e0 tr\u1ecdng t\u00e2m trong m\u1ecdi quy\u1ebft \u0111\u1ecbnh kinh doanh v\u00e0 kh\u00f4ng ng\u1eebng n\u1ed7 l\u1ef1c \u0111\u1ec3 gi\u1ea3m thi\u1ec3u \u1ea3nh h\u01b0\u1edfng c\u1ee7a ho\u1ea1t \u0111\u1ed9ng c\u1ee7a ch\u00fang t\u00f4i \u0111\u1ed1i v\u1edbi h\u00e0nh tinh.<\/p>\n<\/div>\n<\/div>\n<\/div>\n<\/div>\n<\/div>\n<\/div>\n<div class=\"u_company\">\n<h2 class=\"u_cmp_ttl vi\">T\u1ed4NG QUAN C\u00d4NG TY<\/h2>\n<div class=\"u_cmp_table\">\n<dl class=\"vi\">\n<dt>T\u00ean c\u00f4ng ty<\/dt>\n<dd>C\u00f4ng ty TNHH JCEM Vietnam<\/dd>\n<\/dl>\n<dl class=\"vi\">\n<dt>Tr\u1ee5 s\u1edf<\/dt>\n<dd class=\"dd_pd\"><strong><span class=\"\">Tr\u1ee5 s\u1edf ch\u00ednh<\/span><\/strong><br \/>\nT\u1ea7ng 4, T\u00f2a nh\u00e0 ASG, 683-685 \u0110\u01b0\u1eddng \u0110i\u1ec7n Bi\u00ean Ph\u1ee7, Ph\u01b0\u1eddng Th\u1ea1nh M\u1ef9 T\u00e2y, Th\u00e0nh ph\u1ed1 H\u1ed3 Ch\u00ed Minh, Vi\u1ec7t Nam.<br \/>\n\u0110i\u1ec7n tho\u1ea1i\uff1a+84-28-3925-7148<br \/>\nFAX\uff1a+84-28-3925-7150<\/dd>\n<dd class=\"dd_pd\"><strong><span class=\"\">V\u0103n ph\u00f2ng \u0111\u1ea1i di\u1ec7n t\u1ea1i H\u00e0 N\u1ed9i<\/span><\/strong><br \/>\nT\u1ea7ng 22, T\u00f2a nh\u00e0 Ng\u1ecdc Kh\u00e1nh Plaza, S\u1ed1 1 Ph\u1ea1m Huy Th\u00f4ng, Ph\u01b0\u1eddng Gi\u1ea3ng V\u00f5, Th\u00e0nh ph\u1ed1 H\u00e0 N\u1ed9i, Vi\u1ec7t Nam<br \/>\n\u0110i\u1ec7n tho\u1ea1i\uff1a+84-981-929-640<\/dd>\n<\/dl>\n<dl class=\"vi\">\n<dt>Th\u00e0nh l\u1eadp<\/dt>\n<dd>Th\u00e1ng 11 n\u0103m 2012<\/dd>\n<dt>V\u1ed1n \u0111i\u1ec1u l\u1ec7<\/dt>\n<dd>5.500.000 USD<\/dd>\n<\/dl>\n<dl class=\"vi\">\n<dt>Ng\u00e0nh ngh\u1ec1 kinh doanh ch\u00ednh<\/dt>\n<dd class=\"dd_pd02 \">\n<ul class=\"list01 vi\">\n<li>T\u1ed5ng th\u1ea7u EPC.<\/li>\n<li>Nh\u00e0 cung c\u1ea5p h\u1ec7 th\u1ed1ng m\u00e1y m\u00f3c, thi\u1ebft b\u1ecb, nh\u00e0 x\u01b0\u1edfng chuy\u00ean d\u00f9ng.<\/li>\n<li>D\u1ecbch v\u1ee5 T\u01b0 v\u1ea5n &amp; K\u1ef9 thu\u1eadt<\/li>\n<li>B\u1ea3o tr\u00ec v\u00e0 C\u1ea3i ti\u1ebfn m\u00e1y m\u00f3c thi\u1ebft b\u1ecb<\/li>\n<\/ul>\n<\/dd>\n<\/dl>\n<dl class=\"vi\">\n<dt>\u0110i\u1ec3m n\u1ed5i b\u1eadt <br class=\"pc\" \/>c\u1ee7a c\u00f4ng ty ch\u00fang t\u00f4i<\/dt>\n<dd class=\"dd_pd02\">\n<ul class=\"list01 vi\">\n<li>Nh\u00e0 cung c\u1ea5p h\u1ec7 th\u1ed1ng m\u00e1y m\u00f3c, thi\u1ebft b\u1ecb, nh\u00e0 x\u01b0\u1edfng chuy\u00ean d\u00f9ng.<\/li>\n<li>Th\u1ef1c hi\u1ec7n \u0111\u1ed3ng nh\u1ea5t t\u1eeb T\u01b0 v\u1ea5n k\u1ef9 thu\u1eadt \u2013 Thi\u1ebft k\u1ebf \u2013 Cung c\u1ea5p thi\u1ebft b\u1ecb \u2013 Thi c\u00f4ng x\u00e2y d\u1ef1ng \u2013 V\u1eadn h\u00e0nh th\u1eed (EPC = Engineering + Procurement + Construction)<\/li>\n<li>Ngo\u00e0i th\u00e9p kh\u00f4ng g\u1ec9, ch\u00fang t\u00f4i c\u00f3 kh\u1ea3 n\u0103ng gia c\u00f4ng \u0111\u01b0\u1ee3c c\u1ea3 nh\u1eefng thi\u1ebft b\u1ecb s\u1eed d\u1ee5ng c\u00e1c lo\u1ea1i v\u1eadt li\u1ec7u \u0111\u1eb7c bi\u1ec7t nh\u01b0 \u0111\u1ed3ng, Titanium, Nikel, Hastelloy&#8230;<\/li>\n<li>Ngo\u00e0i lo\u1ea1i b\u00ecnh ch\u1ee9a \u00e1p l\u1ef1c th\u00f4ng th\u01b0\u1eddng, ch\u00fang t\u00f4i c\u0169ng c\u00f3 kh\u1ea3 n\u0103ng s\u1ea3n xu\u1ea5t c\u00e1c lo\u1ea1i b\u00ecnh ch\u1ee9a \u00e1p su\u1ea5t cao, b\u00ecnh ch\u1ee9a ch\u00e2n kh\u00f4ng cao.<\/li>\n<li>S\u1ea3n xu\u1ea5t b\u00ecnh ch\u1ee9a ch\u1ecbu nhi\u1ec7t \u0111\u1ed9 cao v\u00e0 si\u00eau th\u1ea5p.<\/li>\n<li>Cung c\u1ea5p d\u1ecbch v\u1ee5 th\u00f4ng qua tam gi\u00e1c (Vi\u1ec7t Nam \u2013 Th\u00e1i Lan \u2013 Nh\u1eadt B\u1ea3n) trong n\u1ed9i b\u1ed9 T\u1eadp \u0111o\u00e0n JCEM, c\u0169ng nh\u01b0 li\u00ean minh n\u1ed9i b\u1ed9 gi\u1eefa Vi\u1ec7t Nam v\u00e0 \u0111\u1ed1i t\u00e1c \u1edf c\u00e1c n\u01b0\u1edbc l\u00e2n c\u1eadn.<\/li>\n<li>Cung c\u1ea5p d\u1ecbch v\u1ee5 tr\u00ean to\u00e0n n\u01b0\u1edbc Vi\u1ec7t Nam bao g\u1ed3m Th\u00e0nh ph\u1ed1 H\u1ed3 Ch\u00ed Minh, H\u00e0 N\u1ed9i, H\u1ea3i Ph\u00f2ng, \u0110\u00e0 N\u1eb5ng\u2026<\/li>\n<li>Cung c\u1ea5p d\u1ecbch v\u1ee5 linh ho\u1ea1t t\u1eeb m\u1ed9t linh ki\u1ec7n thi\u1ebft b\u1ecb; ch\u1ebf t\u1ea1o thi\u1ebft b\u1ecb; x\u00e2y d\u1ef1ng h\u1ec7 th\u1ed1ng thi\u1ebft b\u1ecb; \u0111\u1ebfn X\u00e2y d\u1ef1ng nh\u00e0 m\u00e1y.<\/li>\n<\/ul>\n<\/dd>\n<\/dl>\n<dl class=\"vi\">\n<dt>L\u0129nh v\u1ef1c<\/dt>\n<dd class=\"dd_pd02\">S\u1ea3n xu\u1ea5t h\u00f3a ch\u1ea5t, S\u1ea3n xu\u1ea5t th\u1ef1c ph\u1ea9m, S\u1ea3n xu\u1ea5t \u0111\u1ed3 u\u1ed1ng, S\u1ea3n xu\u1ea5t d\u01b0\u1ee3c ph\u1ea9m, M\u00f4i tr\u01b0\u1eddng v\u00e0 c\u00e1c ng\u00e0nh kh\u00e1c.<\/dd>\n<\/dl>\n<\/div>\n<\/div>\n<div class=\"u_scaleup\">\n<h3 id=\"about_ttl04\" class=\"u_scaleup_tt\">M\u1edf r\u1ed9ng quy m\u00f4 &#8211; <br class=\"sp\" \/>Nh\u00e0 m\u00e1y Nikkaki \u0110\u1ed3ng Nai<\/h3>\n<div class=\"tablink_flex\">\n<div class=\"tablink_img01\">\n<p><img decoding=\"async\" src=\"https:\/\/www.jcemvn.com\/wp-content\/themes\/jcem\/images\/about_img06.jpg\" alt=\"M\u1edf r\u1ed9ng quy m\u00f4 - Nh\u00e0 m\u00e1y Nikkaki \u0110\u1ed3ng Nai\" width=\"550\" \/><\/p>\n<\/div>\n<div class=\"tablink_info02\">\n<div class=\"desc vi\">\n<p>Chi nh\u00e1nh C\u00f4ng ty TNHH JCEM Vi\u1ec7t Nam &#8211; Nh\u00e0 m\u00e1y Nikkaki \u0110\u1ed3ng Nai c\u1ee7a ch\u00fang t\u00f4i ch\u00ednh th\u1ee9c \u0111i v\u00e0o ho\u1ea1t \u0111\u1ed9ng t\u1eeb th\u00e1ng 9 n\u0103m 2024.<\/p>\n<p>V\u1edbi tri\u1ebft l\u00fd \u201cch\u1ea5t l\u01b0\u1ee3ng s\u1ea3n ph\u1ea9m thu\u1ea7n Nh\u1eadt\u201d, t\u1eeb \u0111\u1ed9i ng\u0169 qu\u1ea3n l\u00fd \u0111i\u1ec1u h\u00e0nh \u0111\u1ebfn c\u00e1c k\u1ef9 s\u01b0 v\u00e0 c\u00f4ng nh\u00e2n s\u1ea3n xu\u1ea5t tr\u1ef1c ti\u1ebfp, t\u1ea5t c\u1ea3 \u0111\u1ec1u \u0111\u00e3 \u0111\u01b0\u1ee3c \u0111\u00e0o t\u1ea1o g\u1ea7n 10 n\u0103m t\u1ea1i c\u00f4ng ty m\u1eb9 NIKKAKI. Ch\u00fang t\u00f4i \u0111\u00e3 \u0111\u01b0\u1ee3c truy\u1ec1n t\u1ea3i nh\u1eefng ki\u1ebfn th\u1ee9c k\u1ef9 thu\u1eadt v\u00e0 kinh nghi\u1ec7m chuy\u00ean s\u00e2u \u0111\u01b0\u1ee3c t\u00edch l\u0169y su\u1ed1t 85 n\u0103m qua t\u1ea1i NIKKAKI. Nh\u1eefng ng\u01b0\u1eddi th\u1ee3 Vi\u1ec7t Nam \u0111\u01b0\u1ee3c ch\u00fang t\u00f4i tuy\u1ec3n ch\u1ecdn t\u1eeb khi c\u00f2n \u0111ang h\u1ecdc n\u0103m cu\u1ed1i t\u1ea1i c\u00e1c c\u01a1 s\u1edf \u0111\u00e0o t\u1ea1o t\u1ea1i Vi\u1ec7t Nam, sau khi t\u1ed1t nghi\u1ec7p, \u0111\u01b0\u1ee3c \u0111\u01b0a sang Nh\u1eadt B\u1ea3n \u0111\u1ec3 \u0111\u00e0o t\u1ea1o. C\u1ed9ng v\u1edbi tinh th\u1ea7n c\u1ea7n c\u00f9, kh\u00e9o l\u00e9o v\u00e0 lu\u00f4n ham h\u1ecdc h\u1ecfi, \u0111\u1ed9i ng\u0169 ng\u01b0\u1eddi Vi\u1ec7t c\u1ee7a ch\u00fang t\u00f4i ho\u00e0n to\u00e0n cam k\u1ebft v\u1ec1 tay ngh\u1ec1 v\u00e0 k\u1ef9 thu\u1eadt s\u1ea3n xu\u1ea5t theo \u0111\u00fang c\u00e1c nguy\u00ean t\u1eafc v\u00e0 ti\u00eau chu\u1ea9n Nh\u1eadt B\u1ea3n.<\/p>\n<\/div>\n<\/div>\n<\/div>\n<\/div>\n<div class=\"u_access\">\n<h2 class=\"u_cmp_ttl black\">B\u1ea3n \u0111\u1ed3<\/h2>\n<div class=\"flex_between\">\n<div class=\"u_access_box\">\n<div class=\"access_ttl vi\">\n<p>Tr\u1ee5 s\u1edf ch\u00ednh t\u1ea1i H\u1ed3 Ch\u00ed Minh<\/p>\n<\/div>\n<div class=\"access_maps\"><iframe loading=\"lazy\" style=\"border: 0;\" src=\"https:\/\/www.google.com\/maps\/embed?pb=!1m14!1m8!1m3!1d7838.3084378715475!2d106.722599!3d10.799498!3m2!1i1024!2i768!4f13.1!3m3!1m2!1s0x31752f36dd1c70a7%3A0xc1f4975e73c2d5fa!2sJapan%20Chemical%20Engineering%20and%20MachineryVietnam%20Co.%2C%20Ltd.!5e0!3m2!1svi!2s!4v1724319709516!5m2!1svi!2s\" width=\"600\" height=\"450\" allowfullscreen=\"allowfullscreen\"><\/iframe><\/div>\n<\/div>\n<div class=\"u_access_box\">\n<div class=\"access_ttl vi\">\n<p>V\u0103n ph\u00f2ng \u0111\u1ea1i di\u1ec7n t\u1ea1i H\u00e0 N\u1ed9i<\/p>\n<\/div>\n<div class=\"access_maps\"><iframe loading=\"lazy\" style=\"border: 0;\" src=\"https:\/\/www.google.com\/maps\/embed?pb=!1m14!1m8!1m3!1d3724.1588150863035!2d105.8094807!3d21.0263305!3m2!1i1024!2i768!4f13.1!3m3!1m2!1s0x3135ab385f48f8ff%3A0x951d7e6d725708ef!2zTmfhu41jIEtow6FuaCBQbGF6YQ!5e0!3m2!1svi!2s!4v1764042846138!5m2!1svi!2s\" width=\"600\" height=\"450\" allowfullscreen=\"allowfullscreen\"><\/iframe><\/div>\n<\/div>\n<\/div>\n<div class=\"u_access_full\">\n<div class=\"u_access_box\">\n<div class=\"access_ttl vi\">\n<p>Nh\u00e0 m\u00e1y t\u1ea1i \u0110\u1ed3ng Nai<\/p>\n<\/div>\n<div class=\"access_maps\"><iframe loading=\"lazy\" style=\"border: 0;\" src=\"https:\/\/www.google.com\/maps\/embed?pb=!1m17!1m12!1m3!1d3920.2639083072268!2d106.94420287583785!3d10.714116360338314!2m3!1f0!2f0!3f0!3m2!1i1024!2i768!4f13.1!3m2!1m1!2zMTDCsDQyJzUwLjgiTiAxMDbCsDU2JzQ4LjQiRQ!5e0!3m2!1svi!2s!4v1729562918904!5m2!1svi!2s\" width=\"600\" height=\"450\" allowfullscreen=\"allowfullscreen\"><\/iframe><\/div>\n<\/div>\n<\/div>\n<\/div>\n<div class=\"u_history\">\n<h2 class=\"u_cmp_ttl black vi\">L\u1ecbch S\u1eed<\/h2>\n<div class=\"flex_between\">\n<div class=\"u_history_img\">\n<p><img loading=\"lazy\" decoding=\"async\" src=\"https:\/\/www.jcemvn.com\/wp-content\/themes\/jcem\/images\/about_img05.jpg\" alt=\"History\" width=\"540\" height=\"400\" \/><\/p>\n<\/div>\n<div class=\"sp scroll_more\">\n<p class=\"\">Xem th\u00eam<\/p>\n<\/div>\n<div class=\"u_history_info vi\">\n<dl>\n<dt>2024<\/dt>\n<dd>Th\u00e0nh l\u1eadp Nh\u00e0 m\u00e1y \u0110\u1ed3ng Nai t\u1ea1i Khu c\u00f4ng nghi\u1ec7p Nh\u01a1n Tr\u1ea1ch III.<\/dd>\n<\/dl>\n<dl>\n<dt>2014<\/dt>\n<dd>V\u0103n ph\u00f2ng \u0111\u1ea1i di\u1ec7n c\u1ee7a JCEM Vi\u1ec7t Nam \u0111\u01b0\u1ee3c th\u00e0nh l\u1eadp t\u1ea1i H\u00e0 N\u1ed9i.<\/dd>\n<\/dl>\n<dl>\n<dt>2012<\/dt>\n<dd>JCEM Vi\u1ec7t Nam \u0111\u01b0\u1ee3c th\u00e0nh l\u1eadp t\u1ea1i TP.HCM, Vi\u1ec7t Nam<\/dd>\n<\/dl>\n<dl>\n<dt>2011<\/dt>\n<dd>JCEM th\u00e0nh l\u1eadp V\u0103n ph\u00f2ng \u0111\u1ea1i di\u1ec7n<\/dd>\n<\/dl>\n<dl>\n<dt>1999<\/dt>\n<dd>\u0110\u1ea1t ch\u1ee9ng nh\u1eadn ISO-9001 cho thi\u1ebft b\u1ecb kh\u00ed h\u00f3a l\u1ecfng cryogenic t\u1eeb Trung t\u00e2m KHK-ISO c\u1ee7a Vi\u1ec7n An to\u00e0n Kh\u00ed \u00e1p l\u1ef1c cao Nh\u1eadt B\u1ea3n.<\/dd>\n<\/dl>\n<dl>\n<dt>1983<\/dt>\n<dd>T\u1ed5 ch\u1ee9c l\u1ec5 khai tr\u01b0\u01a1ng nh\u00e0 m\u00e1y th\u00ed \u0111i\u1ec3m s\u1ea3n xu\u1ea5t r\u01b0\u1ee3u t\u1ea1i Th\u00e1i Lan.<\/dd>\n<\/dl>\n<dl>\n<dt>1981<\/dt>\n<dd>T\u1ed5 ch\u1ee9c l\u1ec5 khai tr\u01b0\u01a1ng h\u1ec7 th\u1ed1ng ch\u01b0ng c\u1ea5t axeton t\u1ea1i Trung Qu\u1ed1c.<\/dd>\n<\/dl>\n<dl>\n<dt>1957<\/dt>\n<dd>Ti\u00ean phong trong th\u01b0\u01a1ng m\u1ea1i h\u00f3a thi\u1ebft b\u1ecb h\u00f3a ch\u1ea5t kim lo\u1ea1i titan d\u01b0\u1edbi s\u1ef1 h\u01b0\u1edbng d\u1eabn c\u1ee7a Sumitomo Metal Industries, Ltd v\u00e0 sau \u0111\u00f3 b\u1eaft \u0111\u1ea7u s\u1ea3n xu\u1ea5t thi\u1ebft b\u1ecb titan<\/dd>\n<\/dl>\n<dl class=\"txt_small\">\n<dt>1947<\/dt>\n<dd>Ph\u00e1t tri\u1ec3n c\u00f4ng ngh\u1ec7 \u0111\u1ed9c quy\u1ec1n \u0111\u1ec3 s\u1eed d\u1ee5ng trong s\u1ea3n xu\u1ea5t thi\u1ebft b\u1ecb ch\u01b0ng c\u1ea5t r\u01b0\u1ee3u v\u00e0 cung c\u1ea5p thi\u1ebft b\u1ecb cho B\u1ed9 Th\u01b0\u01a1ng m\u1ea1i Qu\u1ed1c t\u1ebf v\u00e0 C\u00f4ng nghi\u1ec7p v\u00e0 c\u00e1c nh\u00e0 m\u00e1y bia tr\u00ean to\u00e0n Nh\u1eadt B\u1ea3n.<\/dd>\n<\/dl>\n<dl>\n<dt>1938<\/dt>\n<dd>Japan Chemical Engineering &amp; Machinery \u0111\u01b0\u1ee3c th\u00e0nh l\u1eadp t\u1ea1i NH\u1eacT B\u1ea2N, chuy\u00eans\u1ea3n xu\u1ea5t v\u00e0 kinh doanh m\u00e1y m\u00f3c h\u00f3a ch\u1ea5t v\u00e0 n\u1ed3i h\u01a1i \u1ed1ng n\u01b0\u1edbc.<\/dd>\n<\/dl>\n<\/div>\n<\/div>\n<\/div>\n<div class=\"u_scroll\"><\/div>\n<\/div>\n","protected":false},"excerpt":{"rendered":"<p>Th\u00f4ng \u0111i\u1ec7p T\u1ea7m nh\u00ecn Tri\u1ebft l\u00fd L\u1eddi ch\u00e0o T\u1eeb T\u1ed5ng gi\u00e1m \u0111\u1ed1c Th\u00e0nh l\u1eadp n\u0103m 2012, JCEM Vi\u1ec7t Nam ch\u00fang t\u00f4i \u0111\u00e3 m\u1edf r\u1ed9ng ho\u1ea1t \u0111\u1ed9ng c\u1ee7a m\u00ecnh \u0111\u1ebfn th\u1ecb tr\u01b0\u1eddng Vi\u1ec7t Nam, n\u01a1i ch\u00fang t\u00f4i cam k\u1ebft mang \u0111\u1ebfn c\u00e1c gi\u1ea3i ph\u00e1p c\u00f4ng ngh\u1ec7 ti\u00ean ti\u1ebfn v\u00e0 d\u1ecbch v\u1ee5 ch\u1ea5t l\u01b0\u1ee3ng nh\u1ea5t. T\u1ef1 h\u00e0o [&hellip;]<\/p>\n","protected":false},"author":1,"featured_media":0,"parent":0,"menu_order":0,"comment_status":"closed","ping_status":"closed","template":"","meta":{"_acf_changed":false,"_locale":"vi","_original_post":"https:\/\/www.jcemvn.com\/wp\/?page_id=13","footnotes":""},"class_list":["post-103","page","type-page","status-publish","hentry","vi"],"acf":[],"aioseo_notices":[],"_links":{"self":[{"href":"https:\/\/www.jcemvn.com\/wp-json\/wp\/v2\/pages\/103","targetHints":{"allow":["GET"]}}],"collection":[{"href":"https:\/\/www.jcemvn.com\/wp-json\/wp\/v2\/pages"}],"about":[{"href":"https:\/\/www.jcemvn.com\/wp-json\/wp\/v2\/types\/page"}],"author":[{"embeddable":true,"href":"https:\/\/www.jcemvn.com\/wp-json\/wp\/v2\/users\/1"}],"replies":[{"embeddable":true,"href":"https:\/\/www.jcemvn.com\/wp-json\/wp\/v2\/comments?post=103"}],"version-history":[{"count":73,"href":"https:\/\/www.jcemvn.com\/wp-json\/wp\/v2\/pages\/103\/revisions"}],"predecessor-version":[{"id":754,"href":"https:\/\/www.jcemvn.com\/wp-json\/wp\/v2\/pages\/103\/revisions\/754"}],"wp:attachment":[{"href":"https:\/\/www.jcemvn.com\/wp-json\/wp\/v2\/media?parent=103"}],"curies":[{"name":"wp","href":"https:\/\/api.w.org\/{rel}","templated":true}]}}